
{"id":397,"date":"2024-12-12T01:07:18","date_gmt":"2024-12-12T01:07:18","guid":{"rendered":"https:\/\/blog.edulearn.ec\/?page_id=397"},"modified":"2024-12-12T01:07:18","modified_gmt":"2024-12-12T01:07:18","slug":"comandos","status":"publish","type":"page","link":"https:\/\/blog.edulearn.ec\/?page_id=397","title":{"rendered":"Comandos"},"content":{"rendered":"\n<p>quit \u2013 apaga el servidor.<\/p>\n\n\n\n<p>terrain fill 32 &#8211; coloca plano el metaverso<\/p>\n\n\n\n<p>create user &#8211; crea usuarios en el metaverso<\/p>\n\n\n\n<p>show info &#8211; \u00a0informaci\u00f3n del servidor de demostraci\u00f3n (versi\u00f3n y la ruta de inicio).<\/p>\n\n\n\n<p>reset user password &#8211; Resetear contrase\u00f1as usuarios<\/p>\n\n\n\n<p>show connections \u2013 Muestra todos los conectados<\/p>\n","protected":false},"excerpt":{"rendered":"<p>quit \u2013 apaga el servidor. terrain fill 32 &#8211; coloca<\/p>\n","protected":false},"author":1,"featured_media":0,"parent":0,"menu_order":0,"comment_status":"closed","ping_status":"closed","template":"","meta":{"footnotes":""},"class_list":["post-397","page","type-page","status-publish","hentry"],"_links":{"self":[{"href":"https:\/\/blog.edulearn.ec\/index.php?rest_route=\/wp\/v2\/pages\/397","targetHints":{"allow":["GET"]}}],"collection":[{"href":"https:\/\/blog.edulearn.ec\/index.php?rest_route=\/wp\/v2\/pages"}],"about":[{"href":"https:\/\/blog.edulearn.ec\/index.php?rest_route=\/wp\/v2\/types\/page"}],"author":[{"embeddable":true,"href":"https:\/\/blog.edulearn.ec\/index.php?rest_route=\/wp\/v2\/users\/1"}],"replies":[{"embeddable":true,"href":"https:\/\/blog.edulearn.ec\/index.php?rest_route=%2Fwp%2Fv2%2Fcomments&post=397"}],"version-history":[{"count":1,"href":"https:\/\/blog.edulearn.ec\/index.php?rest_route=\/wp\/v2\/pages\/397\/revisions"}],"predecessor-version":[{"id":399,"href":"https:\/\/blog.edulearn.ec\/index.php?rest_route=\/wp\/v2\/pages\/397\/revisions\/399"}],"wp:attachment":[{"href":"https:\/\/blog.edulearn.ec\/index.php?rest_route=%2Fwp%2Fv2%2Fmedia&parent=397"}],"curies":[{"name":"wp","href":"https:\/\/api.w.org\/{rel}","templated":true}]}}